{"id":29,"date":"2026-02-13T22:50:30","date_gmt":"2026-02-13T21:50:30","guid":{"rendered":"https:\/\/politische-koerper.de\/?page_id=29"},"modified":"2026-04-07T23:46:31","modified_gmt":"2026-04-07T21:46:31","slug":"bodywork","status":"publish","type":"page","link":"https:\/\/politische-koerper.de\/en\/bodywork\/","title":{"rendered":"Bodywork in Freiburg und online"},"content":{"rendered":"<h1 class=\"wp-block-post-title\">Bodywork in Freiburg und online<\/h1>\n\n\n<div style=\"height:50px\" aria-hidden=\"true\" class=\"wp-block-spacer\"><\/div>\n\n\n\n<h2 class=\"wp-block-heading\">Was ist Bodywork?<\/h2>\n\n\n\n<p>Bodywork ist eine Form der professionellen somatischen Begleitung oder des Coachings. Es ist keine Therapie und kann diese auch nicht ersetzten. Es ist ein traumasensibler Ansatz mit realen Grenzen (kein Traumatherapie-Ersatz). Als Bodyworker*innen unterst\u00fctze ich dich dabei dich mit Themen rund um deinen eigenen K\u00f6rper und ggf. rund um deine (A-)Sexualit\u00e4t zu besch\u00e4ftigen.<\/p>\n\n\n\n<div style=\"height:50px\" aria-hidden=\"true\" class=\"wp-block-spacer\"><\/div>\n\n\n\n<hr class=\"wp-block-separator has-alpha-channel-opacity\"\/>\n\n\n\n<div style=\"height:50px\" aria-hidden=\"true\" class=\"wp-block-spacer\"><\/div>\n\n\n\n<h3 class=\"wp-block-heading\"><strong>F\u00fcr wen?<\/strong><\/h3>\n\n\n\n<div class=\"wp-block-columns is-layout-flex wp-container-core-columns-is-layout-28f84493 wp-block-columns-is-layout-flex\">\n<div class=\"wp-block-column is-layout-flow wp-block-column-is-layout-flow\" style=\"flex-basis:50%\">\n<div class=\"wp-block-columns is-layout-flex wp-container-core-columns-is-layout-28f84493 wp-block-columns-is-layout-flex\">\n<div class=\"wp-block-column is-layout-flow wp-block-column-is-layout-flow\" style=\"flex-basis:100%\">\n<p>Ich fokussiere mich dabei u.a. auf die Begleitung von Menschen die erkunden wollen, wie sich politische Systeme (z.B. in Form von struktureller Gewalt) im K\u00f6rpern festschreiben und wie sie sich R\u00e4ume darin wieder aneignen und das eigene Wohlbefinden dadurch st\u00e4rken k\u00f6nnen. Das kann z.B. die Begleitung von queeren und TIN (trans, inter, nicht-bin\u00e4ren) Personen sein, von Menschen, die rassifiziert werden, von Menschen mit Behinderungen, Neurodivergenz oder chronischen Krankheiten.<\/p>\n\n\n\n<p>Ich unterst\u00fctze aber auch gerne alle anderen Menschen die sich ihrem K\u00f6rper liebevoll ann\u00e4hern wollen, ihn kennenlernen und n\u00e4hren wollen.<\/p>\n<\/div>\n<\/div>\n<\/div>\n\n\n\n<div class=\"wp-block-column is-layout-flow wp-block-column-is-layout-flow\" style=\"flex-basis:50%\">\n<figure class=\"wp-block-image aligncenter size-large\"><img loading=\"lazy\" decoding=\"async\" width=\"1024\" height=\"681\" src=\"https:\/\/politische-koerper.de\/wp-content\/uploads\/2026\/02\/patrick-perkins-dtBwi16wgOs-unsplash-1024x681.jpg\" alt=\"\" class=\"wp-image-113\" srcset=\"https:\/\/politische-koerper.de\/wp-content\/uploads\/2026\/02\/patrick-perkins-dtBwi16wgOs-unsplash-1024x681.jpg 1024w, https:\/\/politische-koerper.de\/wp-content\/uploads\/2026\/02\/patrick-perkins-dtBwi16wgOs-unsplash-300x200.jpg 300w, https:\/\/politische-koerper.de\/wp-content\/uploads\/2026\/02\/patrick-perkins-dtBwi16wgOs-unsplash-768x511.jpg 768w, https:\/\/politische-koerper.de\/wp-content\/uploads\/2026\/02\/patrick-perkins-dtBwi16wgOs-unsplash-1536x1022.jpg 1536w, https:\/\/politische-koerper.de\/wp-content\/uploads\/2026\/02\/patrick-perkins-dtBwi16wgOs-unsplash-2048x1363.jpg 2048w\" sizes=\"auto, (max-width: 1024px) 100vw, 1024px\" \/><figcaption class=\"wp-element-caption\"><em>Bildbeschreibung: viele Menschen laufen auf der Stra\u00dfe einer Stadt. Im Hintergrund sind B\u00e4ume, die die Stra\u00dfe s\u00e4umen, sowie hohe Geb\u00e4ude zu sehen. Im Zentrum des Bildes befindet sich eine Person mit einem Schwarzen Pullover und pinken, lockigen Haaren mit einem Undercut, die ein Poster hochhebt auf dem geschrieben steht: &#8220;Trans people are sacred&#8221;<\/em><\/figcaption><\/figure>\n<\/div>\n<\/div>\n\n\n\n<div style=\"height:50px\" aria-hidden=\"true\" class=\"wp-block-spacer\"><\/div>\n\n\n\n<hr class=\"wp-block-separator has-alpha-channel-opacity\"\/>\n\n\n\n<div style=\"height:50px\" aria-hidden=\"true\" class=\"wp-block-spacer\"><\/div>\n\n\n\n<h3 class=\"wp-block-heading\"><strong>Was ist das Ziel?<\/strong><\/h3>\n\n\n\n<p>Es kann z.B. darum gehen, dass du deinen eigenen K\u00f6rper neu kennenlernst, Ver\u00e4nderungsprozesse (wie Transitionen) zu begleiten, mehr Genuss zu erleben, Selbstregulationsf\u00e4higkeiten zu st\u00e4rken, zu Unmasken, mit Schmerzen oder Narbengewebe in Kontakt zu kommen. <\/p>\n\n\n\n<p>Es kann auch darum gehen, dass du lernst gut f\u00fcr dich zu sorgen, dich mit dem eigenen K\u00f6rper zu verbinden und zu verb\u00fcnden, deine eigene (A-)Sexualit\u00e4t besser kennenzulernen, neue Erfahrungen zu machen, dich deinem Begehren zuzuwenden oder auch z.B. in einer Partnerschaft zu schauen, was es braucht.<\/p>\n\n\n\n<p>Die Ausrichtungen einzelner Prozesse sind so vielf\u00e4ltig wie die Menschen, die zu mir kommen. <\/p>\n\n\n\n<div style=\"height:50px\" aria-hidden=\"true\" class=\"wp-block-spacer\"><\/div>\n\n\n\n<div class=\"wp-block-buttons is-content-justification-center is-layout-flex wp-container-core-buttons-is-layout-a89b3969 wp-block-buttons-is-layout-flex\">\n<div class=\"wp-block-button is-style-alternate is-style-alternate--1\"><a class=\"wp-block-button__link has-darkest-color has-text-color has-link-color wp-element-button\" href=\"https:\/\/zeeg.me\/politischekoerper\/bodywork\" target=\"_blank\" rel=\"noopener\">Session buchen<\/a><\/div>\n\n\n\n<div class=\"wp-block-button is-style-fill\"><a class=\"wp-block-button__link has-lightest-color has-text-color has-link-color wp-element-button\" href=\"https:\/\/politische-koerper.de\/ueber-mich-2\/\">Mehr \u00fcber mich fahren<\/a><\/div>\n<\/div>\n\n\n\n<div style=\"height:50px\" aria-hidden=\"true\" class=\"wp-block-spacer\"><\/div>\n\n\n\n<hr class=\"wp-block-separator has-alpha-channel-opacity\"\/>\n\n\n\n<div style=\"height:50px\" aria-hidden=\"true\" class=\"wp-block-spacer\"><\/div>\n\n\n\n<h2 class=\"wp-block-heading\">Bodywork <strong>Methoden<\/strong>&nbsp;<\/h2>\n\n\n\n<p>Im Sexological Bodywork gibt es eine Vielzahl an Methoden. Diese erg\u00e4nze ich mit Methoden aus anderen politisierten somatischen Ans\u00e4tzen. Hier sind einige Beispiele:<\/p>\n\n\n\n<ul class=\"wp-block-list\">\n<li>Somatische Gespr\u00e4chsf\u00fchrung (Erkundung von Themen, die dich bewegen unter Einbezug deines K\u00f6rpers und seiner Sprache)<\/li>\n\n\n\n<li>Methoden aus dem Wheel of Consent (3 Minuten-Spiel, Bossy Massage, wie f\u00fchlt sich ein Ja, Nein, Vielleicht in deinem K\u00f6rper an, etc.)<\/li>\n\n\n\n<li>Safety- oder Genuss-Explorationen (wann und wie f\u00fchlst du dich sicher bzw. wann f\u00fchlst du Genuss und woher weisst du das?)<\/li>\n\n\n\n<li>ABBS-Coaching (Exploration von pers\u00f6nlichen Themen mit Hilfe von Atem, Bewegung, Ber\u00fchrung und Stimme)<\/li>\n\n\n\n<li>Narbenbegleitung (z.B. nach OPs)<\/li>\n\n\n\n<li>Mappings (aller m\u00f6glichen K\u00f6rperregionen, z.B. auch genital oder anal)<\/li>\n\n\n\n<li>K\u00f6rpermeditationen (langsame und gleichbleibende Ber\u00fchrungen)<\/li>\n\n\n\n<li>Bezeugt werden (Selbstliebe Praxis, Atem-Bewegung-Ber\u00fchrung-Stimme erforschen, Ausziehritual, etc.)<\/li>\n<\/ul>\n\n\n\n<div style=\"height:50px\" aria-hidden=\"true\" class=\"wp-block-spacer\"><\/div>\n\n\n\n<h3 class=\"wp-block-heading\">Die Rolle von <strong>Ber\u00fchrung<\/strong><\/h3>\n\n\n\n<p>Ber\u00fchrungen kann ich nach Absprache mit meinen H\u00e4nden und Armen geben- muss es aber gar nicht. Dabei gilt immer das Prinzip <strong>One-Way-Touch<\/strong>: das hei\u00dft, als praktizierende Person gebe ich auf Wunsch Ber\u00fchrungen- ich werde von der empfangenden Person grunds\u00e4tzlich nicht ber\u00fchrt. Wenn Ber\u00fchrung stattfindet, sind die Ber\u00fchrungen immer f\u00fcr dich, die begleitete Person, nie f\u00fcr mich als praktizierende Person. Nacktheit ist nach Absprache f\u00fcr die begleitete Person eine Option. Ich bin als praktizierende Person immer voll bekleidet.<\/p>\n\n\n\n<p>Nichts muss passieren bei alle dem! Die Methoden werden gemeinsam besprochen und ausgew\u00e4hlt.<\/p>\n\n\n\n<div style=\"height:50px\" aria-hidden=\"true\" class=\"wp-block-spacer\"><\/div>\n\n\n\n<h3 class=\"wp-block-heading\"><strong>Ablauf einer Session<\/strong><\/h3>\n\n\n\n<p>Termine sind in der Regel 2 Stunden lang.<\/p>\n\n\n\n<ul class=\"wp-block-list\">\n<li>Am Anfang der Sitzung findet ein Gespr\u00e4ch statt, in dem deine Intention und W\u00fcnsche f\u00fcr die Zusammenarbeit und den gemeinsame Termin abgesprochen werden.<\/li>\n\n\n\n<li>Dann folgt der Teil, in dem wir in die K\u00f6rperarbeit gehen k\u00f6nnen, falls du dir das w\u00fcnschst.<\/li>\n\n\n\n<li>Zum Schluss gibt es noch ein Nachgespr\u00e4ch.<\/li>\n<\/ul>\n\n\n\n<div style=\"height:50px\" aria-hidden=\"true\" class=\"wp-block-spacer\"><\/div>\n\n\n\n<h3 class=\"wp-block-heading\"><strong>Was mitbringen?<\/strong><\/h3>\n\n\n\n<ul class=\"wp-block-list\">\n<li>ein gro\u00dfes Handtuch zum darauf Liegen<\/li>\n\n\n\n<li>Baumwolltuch (Falls du ggf. mit wenig oder ohne Bekleidung arbeiten willst)<\/li>\n\n\n\n<li>Wohlf\u00fchlgegenst\u00e4nde (Fidget Toys, Kuscheltiere, etc. sind willkommen und k\u00f6nnen ggf. in die K\u00f6rperarbeit miteinbezogen werden)<\/li>\n<\/ul>\n\n\n\n<div style=\"height:50px\" aria-hidden=\"true\" class=\"wp-block-spacer\"><\/div>\n\n\n\n<div class=\"wp-block-buttons is-content-justification-center is-layout-flex wp-container-core-buttons-is-layout-a89b3969 wp-block-buttons-is-layout-flex\">\n<div class=\"wp-block-button is-style-alternate is-style-alternate--2\"><a class=\"wp-block-button__link has-darkest-color has-text-color has-link-color wp-element-button\" href=\"https:\/\/zeeg.me\/politischekoerper\/bodywork\" target=\"_blank\" rel=\"noopener\">Session buchen<\/a><\/div>\n\n\n\n<div class=\"wp-block-button\"><a class=\"wp-block-button__link wp-element-button\" href=\"https:\/\/politische-koerper.de\/rahmen\/\">Mehr \u00fcber den Rahmen erfahren<\/a><\/div>\n<\/div>\n\n\n\n<div style=\"height:50px\" aria-hidden=\"true\" class=\"wp-block-spacer\"><\/div>\n\n\n\n<hr class=\"wp-block-separator has-alpha-channel-opacity\"\/>\n\n\n\n<div style=\"height:50px\" aria-hidden=\"true\" class=\"wp-block-spacer\"><\/div>\n\n\n\n<h2 class=\"wp-block-heading\"><strong>Vertraulichkeit<\/strong><\/h2>\n\n\n\n<p>Was in den Sessions passiert und was ihr mir erz\u00e4hlt behandle ich vertraulich. Ich spreche mit niemandem dar\u00fcber, au\u00dfer ggf. in anonymisierter Form mit meiner*m Supervisor*in. Du darfst dich nat\u00fcrlich \u00fcber dein Erleben mit anderen frei austauschen.<\/p>\n\n\n\n<div style=\"height:50px\" aria-hidden=\"true\" class=\"wp-block-spacer\"><\/div>\n\n\n\n<h3 class=\"wp-block-heading\"><strong>Schutzkonzept<\/strong><\/h3>\n\n\n\n<p>Du musst in Sessions nie etwas tun, was du nicht tun m\u00f6chtest. Dass gut f\u00fcr dich gesorgt ist, ist immer das wichtigste. Ich sorge gut f\u00fcr mich und mache auch nichts, was ich nicht machen will, so dass du dich ganz auf dich und deine Bed\u00fcrfnisse konzentrieren kannst. Es geht immer darum, dass du dich sicher (genug) f\u00fchlst.<\/p>\n\n\n\n<p>Ich arbeite gerade daran eine Meldestelle zu etablieren, an die du dich wenden kannst, falls ich Fehler mache die schlimm sind.<\/p>\n\n\n\n<p>Es soll dann Strukturen geben die dich unterst\u00fctzen, denn ist es eine aufregende, mutige und vertrauensvolle Arbeit mit K\u00f6rpern und (A-)Sexualit\u00e4t zu arbeiten.<\/p>\n\n\n\n<p><em>Falls du dich in unseren Sessions nicht wohl gef\u00fchlt hast, eine \u00dcbergriffigkeit, Stigmatisierung oder Diskriminierung erlebt hast, etwas nicht ausgesprochen hast, was unbedingt gesagt werden muss, du dir etwas anders gew\u00fcnscht h\u00e4ttest oder mir Anregungen und Perspektiven f\u00fcr meine Arbeit geben m\u00f6chtest, m\u00f6chte ich dich dazu einladen, dich direkt bei mir zu melden. Ich freue mich \u00fcber jegliche Form von Transparenz, Lernm\u00f6glichkeit und Auseinandersetzung.<\/em><\/p>\n\n\n\n<div style=\"height:50px\" aria-hidden=\"true\" class=\"wp-block-spacer\"><\/div>\n\n\n\n<h3 class=\"wp-block-heading\"><strong>Code of Ethics<\/strong><\/h3>\n\n\n\n<p>Meine Ausbildung zur*m Sexological Bodyworker*in unterliegt dem <a href=\"https:\/\/sexologicalbodyworkers.org\/ethics\" target=\"_blank\" rel=\"noopener\">Code of Ethics<\/a> der Association of Certified Sexological Bodyworkers als auch der aktualisierten deutschen Version des easb, dem Europ\u00e4ischen Verband der Sexological Bodyworker*innen.<\/p>\n\n\n\n<p>Wenn du Fragen hast, schreib mir gerne eine Nachricht an politische-koerper[at]riseup.net<\/p>\n\n\n\n<div style=\"height:100px\" aria-hidden=\"true\" class=\"wp-block-spacer\"><\/div>\n\n\n\n<div class=\"wp-block-group alignfull has-foreground-background-color has-background has-global-padding is-layout-constrained wp-container-core-group-is-layout-bd2a9c80 wp-block-group-is-layout-constrained\" style=\"margin-top:0;margin-bottom:0;padding-top:var(--wp--preset--spacing--x-large);padding-bottom:var(--wp--preset--spacing--x-large)\">\n<div class=\"wp-block-group has-lightest-color has-text-color has-link-color wp-elements-1fcb8628f212e34bf6d55d91fb1c7399 is-vertical is-content-justification-center is-layout-flex wp-container-core-group-is-layout-01b4c482 wp-block-group-is-layout-flex\" style=\"padding-top:0;padding-right:0;padding-bottom:0;padding-left:0\">\n<div class=\"wp-block-group is-vertical is-content-justification-center is-layout-flex wp-container-core-group-is-layout-b032f303 wp-block-group-is-layout-flex\">\n<h2 class=\"wp-block-heading\"><strong>Hier geht&#8217;s zur Terminbuchung<\/strong>!<\/h2>\n\n\n\n<p>\u00dcber Zeeg kannst du bequem deine n\u00e4chste Session buchen.<\/p>\n<\/div>\n\n\n\n<div class=\"wp-block-buttons is-layout-flex wp-block-buttons-is-layout-flex\">\n<div class=\"wp-block-button is-style-alternate is-style-alternate--3\"><a class=\"wp-block-button__link has-primary-background-color has-background wp-element-button\" href=\"https:\/\/zeeg.me\/politischekoerper\/bodywork\" target=\"_blank\" rel=\"noreferrer noopener\">Jetzt Session buchen<\/a><\/div>\n<\/div>\n<\/div>\n<\/div>\n","protected":false},"excerpt":{"rendered":"<p>Was ist Bodywork? Bodywork ist eine Form der professionellen somatischen Begleitung oder des Coachings. Es ist keine Therapie und kann diese auch nicht ersetzten. Es ist ein traumasensibler Ansatz mit [&hellip;]<\/p>\n","protected":false},"author":1,"featured_media":0,"parent":0,"menu_order":0,"comment_status":"closed","ping_status":"closed","template":"","meta":{"_EventAllDay":false,"_EventTimezone":"","_EventStartDate":"","_EventEndDate":"","_EventStartDateUTC":"","_EventEndDateUTC":"","_EventShowMap":false,"_EventShowMapLink":false,"_EventURL":"","_EventCost":"","_EventCostDescription":"","_EventCurrencySymbol":"","_EventCurrencyCode":"","_EventCurrencyPosition":"","_EventDateTimeSeparator":"","_EventTimeRangeSeparator":"","_EventOrganizerID":[],"_EventVenueID":[],"_OrganizerEmail":"","_OrganizerPhone":"","_OrganizerWebsite":"","_VenueAddress":"","_VenueCity":"","_VenueCountry":"","_VenueProvince":"","_VenueState":"","_VenueZip":"","_VenuePhone":"","_VenueURL":"","_VenueStateProvince":"","_VenueLat":"","_VenueLng":"","_VenueShowMap":false,"_VenueShowMapLink":false,"footnotes":""},"class_list":["post-29","page","type-page","status-publish","hentry"],"_links":{"self":[{"href":"https:\/\/politische-koerper.de\/en\/wp-json\/wp\/v2\/pages\/29","targetHints":{"allow":["GET"]}}],"collection":[{"href":"https:\/\/politische-koerper.de\/en\/wp-json\/wp\/v2\/pages"}],"about":[{"href":"https:\/\/politische-koerper.de\/en\/wp-json\/wp\/v2\/types\/page"}],"author":[{"embeddable":true,"href":"https:\/\/politische-koerper.de\/en\/wp-json\/wp\/v2\/users\/1"}],"replies":[{"embeddable":true,"href":"https:\/\/politische-koerper.de\/en\/wp-json\/wp\/v2\/comments?post=29"}],"version-history":[{"count":9,"href":"https:\/\/politische-koerper.de\/en\/wp-json\/wp\/v2\/pages\/29\/revisions"}],"predecessor-version":[{"id":417,"href":"https:\/\/politische-koerper.de\/en\/wp-json\/wp\/v2\/pages\/29\/revisions\/417"}],"wp:attachment":[{"href":"https:\/\/politische-koerper.de\/en\/wp-json\/wp\/v2\/media?parent=29"}],"curies":[{"name":"wp","href":"https:\/\/api.w.org\/{rel}","templated":true}]}}