{"id":35,"date":"2026-02-13T22:51:11","date_gmt":"2026-02-13T21:51:11","guid":{"rendered":"https:\/\/politische-koerper.de\/?page_id=35"},"modified":"2026-04-07T23:38:41","modified_gmt":"2026-04-07T21:38:41","slug":"einfache-sprache","status":"publish","type":"page","link":"https:\/\/politische-koerper.de\/en\/","title":{"rendered":"Welcome to Political Bodies"},"content":{"rendered":"\n<div style=\"height:30px\" aria-hidden=\"true\" class=\"wp-block-spacer\"><\/div>\n\n\n<h1 class=\"wp-block-post-title\">Welcome to Political Bodies<\/h1>\n\n\n<h2 class=\"wp-block-heading has-large-font-size\">Bodywork f\u00fcr marginalisierte Personen, politisch aktive Menschen und alle die Lust haben<\/h2>\n\n\n\n<p><\/p>\n\n\n\n<div style=\"height:30px\" aria-hidden=\"true\" class=\"wp-block-spacer\"><\/div>\n\n\n\n<div class=\"wp-block-group has-background has-global-padding is-layout-constrained wp-container-core-group-is-layout-5fbedae1 wp-block-group-is-layout-constrained\" style=\"border-radius:4px;background-color:#9ce8ff7d;padding-top:var(--wp--preset--spacing--large);padding-right:var(--wp--preset--spacing--large);padding-bottom:var(--wp--preset--spacing--large);padding-left:var(--wp--preset--spacing--large)\">\n<div class=\"wp-block-columns are-vertically-aligned-center is-layout-flex wp-container-core-columns-is-layout-318252f0 wp-block-columns-is-layout-flex\">\n<div class=\"wp-block-column is-vertically-aligned-center is-layout-flow wp-block-column-is-layout-flow\" style=\"flex-basis:33.33%\">\n<div class=\"wp-block-cover is-style-rounded-cover wp-duotone-unset-1\" style=\"min-height:320px;aspect-ratio:unset;\"><img loading=\"lazy\" decoding=\"async\" width=\"1024\" height=\"576\" class=\"wp-block-cover__image-background wp-image-118 size-large\" alt=\"\" src=\"https:\/\/politische-koerper.de\/wp-content\/uploads\/2026\/02\/2-turkisschwarz-1024x576.png\" data-object-fit=\"cover\" srcset=\"https:\/\/politische-koerper.de\/wp-content\/uploads\/2026\/02\/2-turkisschwarz-1024x576.png 1024w, https:\/\/politische-koerper.de\/wp-content\/uploads\/2026\/02\/2-turkisschwarz-300x169.png 300w, https:\/\/politische-koerper.de\/wp-content\/uploads\/2026\/02\/2-turkisschwarz-768x432.png 768w, https:\/\/politische-koerper.de\/wp-content\/uploads\/2026\/02\/2-turkisschwarz.png 1366w\" sizes=\"auto, (max-width: 1024px) 100vw, 1024px\" \/><span aria-hidden=\"true\" class=\"wp-block-cover__background has-background-dim-0 has-background-dim\" style=\"background-color:#a1a1a1\"><\/span><div class=\"wp-block-cover__inner-container is-layout-flow wp-block-cover-is-layout-flow\">\n<p><\/p>\n<\/div><\/div>\n<\/div>\n\n\n\n<div class=\"wp-block-column is-vertically-aligned-center is-layout-flow wp-container-core-column-is-layout-c7b3064f wp-block-column-is-layout-flow\" style=\"flex-basis:66.66%\">\n<div class=\"wp-block-group has-global-padding is-content-justification-left is-layout-constrained wp-container-core-group-is-layout-986c6138 wp-block-group-is-layout-constrained\">\n<h3 class=\"wp-block-heading has-small-font-size\">Wieso Politische K\u00f6rper und&#8230;<\/h3>\n\n\n\n<h2 class=\"wp-block-heading\">Was ist Bodywork?<\/h2>\n<\/div>\n\n\n\n<p class=\"has-small-font-size\" style=\"margin-top:0;margin-right:0;margin-bottom:0;margin-left:0;padding-top:var(--wp--preset--spacing--small);padding-bottom:var(--wp--preset--spacing--small)\">Dein K\u00f6rper erinnert sich. An alles was war- das Sch\u00f6ne und das Schmerzhafte. Deine Existenz in dieser Welt, als marginalisierte Person und\/oder Aktivist*in, ist politisch. Dein Genuss und deine Lebendigkeit sind Widerstand. <\/p>\n\n\n\n<p class=\"has-small-font-size\" style=\"margin-top:0;margin-right:0;margin-bottom:0;margin-left:0;padding-top:var(--wp--preset--spacing--small);padding-bottom:var(--wp--preset--spacing--small)\">Bodywork kann dich darin zu unterst\u00fctzen, dich dir zuzuwenden, um neue Kraft zu sch\u00f6pfen und handlungsf\u00e4hig zu bleiben in unvorhersehbaren Zeiten. Es kann helfen dich anzun\u00e4hern an deinen K\u00f6rper, deine Empfindungen, deine Sehns\u00fcchte, deine Jas, deine Neins, deine Vielleichts, an Wut, Trauer und Lebensfreude. Es kann dich in deiner Selbstbestimmung st\u00e4rken und dich handlungsf\u00e4higer f\u00fchlen lassen im Gestalten deiner eigenen und unserer kollektiven Zukunft.<\/p>\n\n\n\n<div class=\"wp-block-buttons is-content-justification-center is-layout-flex wp-container-core-buttons-is-layout-a89b3969 wp-block-buttons-is-layout-flex\">\n<div class=\"wp-block-button\"><a class=\"wp-block-button__link has-lightest-color has-darkest-background-color has-text-color has-background has-link-color wp-element-button\" href=\"https:\/\/politische-koerper.de\/bodywork\/\">Mehr \u00fcber die Methode erfahren<\/a><\/div>\n<\/div>\n<\/div>\n<\/div>\n<\/div>\n\n\n\n<div style=\"height:100px\" aria-hidden=\"true\" class=\"wp-block-spacer\"><\/div>\n\n\n\n<h2 class=\"wp-block-heading has-text-align-center\">Kostenloses Vorgespr\u00e4ch vereinbaren<\/h2>\n\n\n\n<p class=\"has-text-align-center\">In einem 20-min\u00fctigen Vorgespr\u00e4ch k\u00f6nnen wir einander kennenlernen, uns \u00fcber eine m\u00f6gliche Zusammenarbeit austauschen und Fragen kl\u00e4ren.<\/p>\n\n\n\n<div class=\"wp-block-buttons is-content-justification-center is-layout-flex wp-container-core-buttons-is-layout-a89b3969 wp-block-buttons-is-layout-flex\">\n<div class=\"wp-block-button is-style-alternate is-style-alternate--2\"><a class=\"wp-block-button__link has-darkest-color has-text-color has-link-color has-text-align-center wp-element-button\" href=\"https:\/\/zeeg.me\/politischekoerper\/vorgespraech\" target=\"_blank\" rel=\"noreferrer noopener\">Zur Buchung<\/a><\/div>\n<\/div>\n\n\n\n<div style=\"height:100px\" aria-hidden=\"true\" class=\"wp-block-spacer\"><\/div>\n\n\n\n<div class=\"wp-block-group alignfull has-background-background-color has-background is-layout-flow wp-block-group-is-layout-flow\" style=\"padding-top:var(--wp--preset--spacing--x-large);padding-right:0;padding-bottom:var(--wp--preset--spacing--x-large);padding-left:0\">\n<div class=\"wp-block-group has-global-padding is-layout-constrained wp-block-group-is-layout-constrained\">\n<div class=\"wp-block-columns alignwide is-layout-flex wp-container-core-columns-is-layout-28f84493 wp-block-columns-is-layout-flex\">\n<div class=\"wp-block-column is-layout-flow wp-block-column-is-layout-flow\">\n<div class=\"wp-block-group has-global-padding is-content-justification-left is-layout-constrained wp-container-core-group-is-layout-f1f5e4a8 wp-block-group-is-layout-constrained wp-container-3 is-position-sticky\">\n<p class=\"has-text-align-left has-text-align-center has-darkest-color has-text-color\" style=\"padding-top:var(--wp--preset--spacing--small);padding-bottom:var(--wp--preset--spacing--small);font-style:normal;font-weight:700\">Wieso ich dich begleiten will?<\/p>\n\n\n\n<h2 class=\"wp-block-heading has-text-align-left has-xx-large-font-size\" style=\"margin-top:0;margin-bottom:0;line-height:1.2\"><mark class=\"has-inline-color has-background-color has-foreground-background-color\">Mit Bodywork will ich unsere Communities und sozialen Bewegungen st\u00e4rken.<\/mark> Weil jede*r einzelne z\u00e4hlt.<br><\/h2>\n<\/div>\n<\/div>\n\n\n\n<div class=\"wp-block-column is-layout-flow wp-block-column-is-layout-flow\">\n<div class=\"wp-block-group has-lightest-background-color has-background wp-container-content-3d4db815 is-vertical is-content-justification-left is-layout-flex wp-container-core-group-is-layout-acd5fd18 wp-block-group-is-layout-flex\" style=\"border-radius:4px\">\n<div class=\"wp-block-group has-global-padding is-content-justification-left is-layout-constrained wp-container-core-group-is-layout-ca493f84 wp-block-group-is-layout-constrained\">\n<h3 class=\"wp-block-heading has-text-align-left\">\u00dcber mich<\/h3>\n<\/div>\n\n\n\n<p class=\"has-text-align-left\">Hi, ich bin <strong>Chrissi (dey\/denen\/deren)<\/strong>. <\/p>\n\n\n\n<p>Menschlichkeit bewegt mich. Beziehungen. Kleine Momente der Freude, des Genusses und der Verbundenheit. Schmerz, Leid, Scham, Wut, Angst. Die Hoffnung auf eine bessere Welt und das Erschaffen davon. Unsere Fehlbarkeit in alle dem.<\/p>\n\n\n\n<p class=\"has-text-align-left\">Ich bin <em>weiss<\/em>, trans nicht-bin\u00e4r, christlich sozialisiert, psychisch beeintr\u00e4chtigt, habe studiert, bin chronisch krank, habe einen deutschen Pass und bin neurodivergent. <\/p>\n<\/div>\n\n\n\n<div class=\"wp-block-group has-lightest-background-color has-background wp-container-content-3d4db815 is-vertical is-content-justification-left is-layout-flex wp-container-core-group-is-layout-acd5fd18 wp-block-group-is-layout-flex\" style=\"border-radius:4px\">\n<div class=\"wp-block-group wp-container-content-9cfa9a5a has-global-padding is-layout-constrained wp-container-core-group-is-layout-f5f3bcb8 wp-block-group-is-layout-constrained\">\n<h3 class=\"wp-block-heading has-text-align-left\">Themen, die mich besch\u00e4ftigen sind:<\/h3>\n\n\n\n<ul class=\"wp-block-list\">\n<li>Kollektiver Widerstand<\/li>\n\n\n\n<li>Macht und strukturelle Gewalt<\/li>\n\n\n\n<li>K\u00f6rper und Trauma<\/li>\n\n\n\n<li>Disability Justice<\/li>\n\n\n\n<li>Transformative Gerechtigkeit<\/li>\n<\/ul>\n<\/div>\n<\/div>\n\n\n\n<div class=\"wp-block-group has-lightest-color has-text-color has-background has-link-color wp-elements-3c95a4b1968aa42fe3d87da0c5613f30 wp-container-content-3d4db815 is-vertical is-content-justification-left is-layout-flex wp-container-core-group-is-layout-4cc12dd0 wp-block-group-is-layout-flex\" style=\"border-radius:4px;background-color:#9ce8ff87\">\n<div class=\"wp-block-group has-global-padding is-layout-constrained wp-container-core-group-is-layout-f5f3bcb8 wp-block-group-is-layout-constrained\">\n<h3 class=\"wp-block-heading has-text-align-left has-darkest-color has-text-color has-link-color wp-elements-86e2bc2a5231c1a38ee587745be393d5\">Qualifikationen<\/h3>\n<\/div>\n\n\n\n<p class=\"has-text-align-left has-darkest-color has-text-color has-link-color wp-elements-dc46b50e8253f1e97755c0afe9fc9b9d\">Ich bin zertifizierte*r Sexological Bodyworker*in.<\/p>\n\n\n\n<div class=\"wp-block-buttons is-layout-flex wp-block-buttons-is-layout-flex\">\n<div class=\"wp-block-button is-style-alternate is-style-alternate--4\"><a class=\"wp-block-button__link has-lightest-color has-darkest-background-color has-text-color has-background has-link-color wp-element-button\" href=\"https:\/\/politische-koerper.de\/ueber-mich\">Mehr erfahren<\/a><\/div>\n<\/div>\n<\/div>\n<\/div>\n<\/div>\n<\/div>\n<\/div>\n\n\n\n<div style=\"height:100px\" aria-hidden=\"true\" class=\"wp-block-spacer\"><\/div>\n\n\n\n<div class=\"wp-block-group alignfull has-foreground-background-color has-background has-global-padding is-layout-constrained wp-container-core-group-is-layout-bd2a9c80 wp-block-group-is-layout-constrained\" style=\"margin-top:0;margin-bottom:0;padding-top:var(--wp--preset--spacing--x-large);padding-bottom:var(--wp--preset--spacing--x-large)\">\n<div class=\"wp-block-group has-lightest-color has-text-color has-link-color wp-elements-c5194106836839baf2bda2c0ab21f104 is-vertical is-content-justification-center is-layout-flex wp-container-core-group-is-layout-01b4c482 wp-block-group-is-layout-flex\" style=\"padding-top:0;padding-right:0;padding-bottom:0;padding-left:0\">\n<div class=\"wp-block-group is-vertical is-content-justification-center is-layout-flex wp-container-core-group-is-layout-b032f303 wp-block-group-is-layout-flex\">\n<h2 class=\"wp-block-heading\"><strong>Hier geht&#8217;s zur Terminbuchung<\/strong>!<\/h2>\n\n\n\n<p>\u00dcber Zeeg kannst du bequem deine n\u00e4chste Session buchen.<\/p>\n<\/div>\n\n\n\n<div class=\"wp-block-buttons is-layout-flex wp-block-buttons-is-layout-flex\">\n<div class=\"wp-block-button is-style-alternate is-style-alternate--5\"><a class=\"wp-block-button__link has-background wp-element-button\" href=\"https:\/\/zeeg.me\/politischekoerper\/bodywork\" style=\"background-color:#ce69fa\" target=\"_blank\" rel=\"noreferrer noopener\">Jetzt Session buchen<\/a><\/div>\n<\/div>\n<\/div>\n<\/div>\n","protected":false},"excerpt":{"rendered":"<p><strong>Dein K\u00f6rper erinnert sich.<\/strong><\/p>\n<p>An das was war. Das Schmerzhafte und das Sch\u00f6ne. Deine Existenz ist Widerstand.<\/p>\n<p>Hol dir zur\u00fcck, was dir geh\u00f6rt. Deinen K\u00f6rper, deine Selbstbestimmung, deine Zukunft.<\/p>\n","protected":false},"author":1,"featured_media":82,"parent":0,"menu_order":0,"comment_status":"closed","ping_status":"closed","template":"","meta":{"_EventAllDay":false,"_EventTimezone":"","_EventStartDate":"","_EventEndDate":"","_EventStartDateUTC":"","_EventEndDateUTC":"","_EventShowMap":false,"_EventShowMapLink":false,"_EventURL":"","_EventCost":"","_EventCostDescription":"","_EventCurrencySymbol":"","_EventCurrencyCode":"","_EventCurrencyPosition":"","_EventDateTimeSeparator":"","_EventTimeRangeSeparator":"","_EventOrganizerID":[],"_EventVenueID":[],"_OrganizerEmail":"","_OrganizerPhone":"","_OrganizerWebsite":"","_VenueAddress":"","_VenueCity":"","_VenueCountry":"","_VenueProvince":"","_VenueState":"","_VenueZip":"","_VenuePhone":"","_VenueURL":"","_VenueStateProvince":"","_VenueLat":"","_VenueLng":"","_VenueShowMap":false,"_VenueShowMapLink":false,"footnotes":""},"class_list":["post-35","page","type-page","status-publish","has-post-thumbnail","hentry"],"_links":{"self":[{"href":"https:\/\/politische-koerper.de\/en\/wp-json\/wp\/v2\/pages\/35","targetHints":{"allow":["GET"]}}],"collection":[{"href":"https:\/\/politische-koerper.de\/en\/wp-json\/wp\/v2\/pages"}],"about":[{"href":"https:\/\/politische-koerper.de\/en\/wp-json\/wp\/v2\/types\/page"}],"author":[{"embeddable":true,"href":"https:\/\/politische-koerper.de\/en\/wp-json\/wp\/v2\/users\/1"}],"replies":[{"embeddable":true,"href":"https:\/\/politische-koerper.de\/en\/wp-json\/wp\/v2\/comments?post=35"}],"version-history":[{"count":9,"href":"https:\/\/politische-koerper.de\/en\/wp-json\/wp\/v2\/pages\/35\/revisions"}],"predecessor-version":[{"id":415,"href":"https:\/\/politische-koerper.de\/en\/wp-json\/wp\/v2\/pages\/35\/revisions\/415"}],"wp:featuredmedia":[{"embeddable":true,"href":"https:\/\/politische-koerper.de\/en\/wp-json\/wp\/v2\/media\/82"}],"wp:attachment":[{"href":"https:\/\/politische-koerper.de\/en\/wp-json\/wp\/v2\/media?parent=35"}],"curies":[{"name":"wp","href":"https:\/\/api.w.org\/{rel}","templated":true}]}}