{"id":44,"date":"2026-02-13T23:12:43","date_gmt":"2026-02-13T22:12:43","guid":{"rendered":"https:\/\/politische-koerper.de\/?page_id=44"},"modified":"2026-03-31T17:13:48","modified_gmt":"2026-03-31T15:13:48","slug":"rahmen","status":"publish","type":"page","link":"https:\/\/politische-koerper.de\/en\/rahmen\/","title":{"rendered":"Rahmenbedingungen f\u00fcr Bodywork Sessions"},"content":{"rendered":"<h1 class=\"wp-block-post-title\">Rahmenbedingungen f\u00fcr Bodywork Sessions<\/h1>\n\n\n<div style=\"height:50px\" aria-hidden=\"true\" class=\"wp-block-spacer\"><\/div>\n\n\n\n<h2 class=\"wp-block-heading\">Raum und Zeit<\/h2>\n\n\n\n<p>An dieser Stelle erh\u00e4ltst du eine \u00dcbersicht \u00fcber den Rahmen der Bodywork Sessions. Ich kann vor Ort gerade meistens dienstags tags\u00fcber im<a href=\"https:\/\/www.fz-freiburg.de\/\" data-type=\"link\" data-id=\"https:\/\/www.fz-freiburg.de\/\" target=\"_blank\" rel=\"noreferrer noopener\">fz*<\/a> in Freiburg anbieten.<\/p>\n\n\n\n<p>Falls Dienstag tags\u00fcber f\u00fcr dich nicht machbar ist, kontaktiere mich gerne unter politischekoerper[at]riseup.net. Wir finden dann einen alternativen Termin.<\/p>\n\n\n\n<p>Online arbeite ich auch gerne. Das hat den Vorteil, dass ich Menschen \u00fcberall begleiten kann.<\/p>\n\n\n\n<div style=\"height:50px\" aria-hidden=\"true\" class=\"wp-block-spacer\"><\/div>\n\n\n\n<div class=\"wp-block-buttons is-content-justification-center is-layout-flex wp-container-core-buttons-is-layout-a89b3969 wp-block-buttons-is-layout-flex\">\n<div class=\"wp-block-button is-style-alternate is-style-alternate--1\"><a class=\"wp-block-button__link wp-element-button\" href=\"https:\/\/zeeg.me\/politischekoerper\/vorgespraech?month=2026-3\" target=\"_blank\" rel=\"noopener\">Kostenloses Vorgespr\u00e4ch vereinbaren<\/a><\/div>\n\n\n\n<div class=\"wp-block-button\"><a class=\"wp-block-button__link wp-element-button\" href=\"https:\/\/politische-koerper.de\/bodywork\/\">Mehr \u00fcber Bodywork erfahren<\/a><\/div>\n<\/div>\n\n\n\n<div style=\"height:50px\" aria-hidden=\"true\" class=\"wp-block-spacer\"><\/div>\n\n\n\n<hr class=\"wp-block-separator has-alpha-channel-opacity\"\/>\n\n\n\n<div style=\"height:50px\" aria-hidden=\"true\" class=\"wp-block-spacer\"><\/div>\n\n\n\n<h3 class=\"wp-block-heading\">Barrieren<\/h3>\n\n\n\n<ul class=\"wp-block-list\">\n<li>Das fz* ist berollbar und die Toilette ist mit St\u00fctzgriffen ausgestattet.<\/li>\n\n\n\n<li>Es gibt zwei Behindertenparkpl\u00e4tze in der Faulerstra\u00dfe. Diese sind ca. 30m vom Gel\u00e4nde Eingang entfernt.<\/li>\n\n\n\n<li>N\u00e4chste Haltestellen sind: Theater Freiburg, Erbprinzenstra\u00dfe, Bahnhof Freiburg. Alle sind ca 700m&nbsp;zu Fu\u00df vom Veranstaltungsort entfernt. Alle Haltestellen haben ein Leitsystem und sind berollbar.<\/li>\n\n\n\n<li>Assistenz und Assistenztiere sind willkommen.<\/li>\n\n\n\n<li>Falls ihr euch als trans und\/oder inter Person im fz* nicht wohl f\u00fchlt, schreibt mir gerne. Dann schauen wir, ob Absprachen helfen oder wir uns einen anderen Raum suchen.<\/li>\n\n\n\n<li>Da das fz* f\u00fcr endo-cis-M\u00e4nner nicht zug\u00e4nglich ist, suche ich bei Bedarf einen anderen Raum. Wenn du ein endo-cis-Mann bist und gerne mit mir arbeiten magst, schreib mir gerne! <\/li>\n\n\n\n<li>Ich kann gerne Sessions auf Englisch anbieten. F\u00fcr alle andere Sprachen, br\u00e4uchten wir Dolmetscher*innen.<\/li>\n\n\n\n<li>Infektionsschutz: bitte bleibt zuhause, wenn ihr klare Erk\u00e4ltungs- oder Coronasymptome habt. Bei leichter Angeschlagenheit bitte davor testen und FFP2 Maske tragen. Maske zum Selbstschutz tragen ist sehr willkommen.&nbsp;<\/li>\n<\/ul>\n\n\n\n<p>Wenn ihr andere Teilhabebed\u00fcrfnisse habt, schreibt mir gerne an politischekoerper[at]riseup.net.<\/p>\n\n\n\n<div style=\"height:50px\" aria-hidden=\"true\" class=\"wp-block-spacer\"><\/div>\n\n\n\n<hr class=\"wp-block-separator has-alpha-channel-opacity\"\/>\n\n\n\n<div style=\"height:50px\" aria-hidden=\"true\" class=\"wp-block-spacer\"><\/div>\n\n\n\n<h2 class=\"wp-block-heading\">Preispolitik f\u00fcr Bodywork Sessions<\/h2>\n\n\n\n<p>Die Preise funktionieren nach einem &#8220;Sliding-Scale&#8221;-Modell nach Selbsteinsch\u00e4tzung und Solidarit\u00e4tsprinzip. Sessions von Menschen die mehr Geld geben k\u00f6nnen, erm\u00f6glichen Sessions f\u00fcr Menschen die wenig Geld daf\u00fcr ausgeben k\u00f6nnen. Zus\u00e4tzlich zu den regul\u00e4ren Preisen gibt es ein Kontingent von verg\u00fcnstigten Sessions f\u00fcr Menschen, die sich das Angebot sonst nicht leisten k\u00f6nnen. <\/p>\n\n\n\n<p><strong>Meine regul\u00e4ren Preise f\u00fcr 2 Stunden sind folgende:<\/strong><\/p>\n\n\n\n<div style=\"height:100px\" aria-hidden=\"true\" class=\"wp-block-spacer\"><\/div>\n\n\n\n<div class=\"wp-block-group alignfull has-cut-transparent-foreground-3-4-gradient-background has-background has-global-padding is-layout-constrained wp-block-group-is-layout-constrained\" style=\"margin-top:0;margin-bottom:0\">\n<div class=\"wp-block-columns alignwide are-vertically-aligned-bottom is-layout-flex wp-container-core-columns-is-layout-28f84493 wp-block-columns-is-layout-flex\">\n<div class=\"wp-block-column is-vertically-aligned-bottom is-layout-flow wp-block-column-is-layout-flow\">\n<div class=\"wp-block-group has-foreground-color has-lightest-background-color has-text-color has-background has-link-color wp-elements-463a287e0eef2f5141ef9f66bd257a16 is-layout-flow wp-block-group-is-layout-flow\" style=\"border-radius:4px\">\n<div class=\"wp-block-group is-nowrap is-layout-flex wp-container-core-group-is-layout-060a0d12 wp-block-group-is-layout-flex\" style=\"border-bottom-color:var(--wp--preset--color--foreground);border-bottom-style:dotted;border-bottom-width:1px;padding-bottom:var(--wp--preset--spacing--medium)\">\n<h3 class=\"wp-block-heading has-medium-font-size\">Soli Preis<\/h3>\n<\/div>\n\n\n\n<div class=\"wp-block-group has-global-padding is-content-justification-left is-layout-constrained wp-container-core-group-is-layout-0c74f131 wp-block-group-is-layout-constrained\">\n<p class=\"has-normal-font-size\" style=\"line-height:1.5\">Wenn es schwierig f\u00fcr dich ist, deine Grundbed\u00fcrfnisse zu versorgen und du nur wenig frei verf\u00fcgbares Einkommen hast, zahlst du:<\/p>\n\n\n\n<p class=\"has-x-large-font-size\"><strong>80 \u20ac<\/strong> <sub>\/ Session<\/sub><\/p>\n<\/div>\n\n\n\n<div class=\"wp-block-buttons alignfull is-horizontal is-content-justification-center is-layout-flex wp-container-core-buttons-is-layout-03627597 wp-block-buttons-is-layout-flex\">\n<div class=\"wp-block-button has-custom-width wp-block-button__width-100 is-style-outline is-style-outline--2\"><a class=\"wp-block-button__link no-border-radius wp-element-button\" href=\"https:\/\/zeeg.me\/politischekoerper\/bodywork\" target=\"_blank\" rel=\"noopener\">Jetzt Session buchen <\/a><\/div>\n<\/div>\n<\/div>\n<\/div>\n\n\n\n<div class=\"wp-block-column is-vertically-aligned-bottom is-layout-flow wp-block-column-is-layout-flow\">\n<div class=\"wp-block-group has-background-color has-foreground-background-color has-text-color has-background has-link-color wp-elements-be174f2a5e8854a7a614bf6dc0e7d609 is-layout-flow wp-container-core-group-is-layout-e7d15f63 wp-block-group-is-layout-flow\" style=\"border-radius:8px;padding-top:2px;padding-right:2px;padding-bottom:2px;padding-left:2px\">\n<p class=\"has-text-align-center has-secondary-color has-text-color has-link-color has-tiny-font-size wp-elements-31cc86325ee95b415f247963c688dee2\" style=\"margin-top:var(--wp--preset--spacing--small);margin-bottom:var(--wp--preset--spacing--small);font-style:normal;font-weight:600;letter-spacing:2px;text-transform:uppercase\">Am beliebtesten<\/p>\n\n\n\n<div class=\"wp-block-group has-foreground-color has-lightest-background-color has-text-color has-background has-link-color wp-elements-784240b77db2201db6af6b44780255da is-layout-flow wp-block-group-is-layout-flow\" style=\"border-top-left-radius:0px;border-top-right-radius:0px;border-bottom-left-radius:4px;border-bottom-right-radius:4px\">\n<div class=\"wp-block-group is-nowrap is-layout-flex wp-container-core-group-is-layout-060a0d12 wp-block-group-is-layout-flex\" style=\"border-bottom-color:var(--wp--preset--color--foreground);border-bottom-style:dotted;border-bottom-width:1px;padding-bottom:var(--wp--preset--spacing--medium)\">\n<h3 class=\"wp-block-heading has-large-font-size\"><strong>Regul\u00e4rer Preis<\/strong><\/h3>\n<\/div>\n\n\n\n<div class=\"wp-block-group has-global-padding is-content-justification-left is-layout-constrained wp-container-core-group-is-layout-e167982f wp-block-group-is-layout-constrained\">\n<p class=\"has-normal-font-size\" style=\"line-height:1.5\">Wenn du deine Grundbed\u00fcrfnisse versorgen kannst und frei verf\u00fcgbares Einkommen hast, zahlst du:<\/p>\n\n\n\n<p class=\"has-x-large-font-size\"><strong>120 \u20ac<\/strong> <sub>\/ <\/sub>Session <\/p>\n<\/div>\n\n\n\n<div class=\"wp-block-buttons alignfull is-horizontal is-content-justification-center is-layout-flex wp-container-core-buttons-is-layout-03627597 wp-block-buttons-is-layout-flex\">\n<div class=\"wp-block-button has-custom-width wp-block-button__width-100 is-style-fill\"><a class=\"wp-block-button__link no-border-radius wp-element-button\" href=\"https:\/\/zeeg.me\/politischekoerper\/bodywork\" target=\"_blank\" rel=\"noopener\">Jetzt Session buchen<\/a><\/div>\n<\/div>\n<\/div>\n<\/div>\n<\/div>\n\n\n\n<div class=\"wp-block-column is-vertically-aligned-bottom is-layout-flow wp-block-column-is-layout-flow\">\n<div class=\"wp-block-group has-foreground-color has-lightest-background-color has-text-color has-background has-link-color wp-elements-63b194e6d42338c8a42cf67c7911ccb3 is-layout-flow wp-block-group-is-layout-flow\" style=\"border-radius:4px\">\n<div class=\"wp-block-group is-nowrap is-layout-flex wp-container-core-group-is-layout-060a0d12 wp-block-group-is-layout-flex\" style=\"border-bottom-color:var(--wp--preset--color--foreground);border-bottom-style:dotted;border-bottom-width:1px;padding-bottom:var(--wp--preset--spacing--medium)\">\n<h3 class=\"wp-block-heading has-medium-font-size\">Supporter Preis<\/h3>\n<\/div>\n\n\n\n<div class=\"wp-block-group has-global-padding is-content-justification-left is-layout-constrained wp-container-core-group-is-layout-0c74f131 wp-block-group-is-layout-constrained\">\n<p class=\"has-normal-font-size\" style=\"line-height:1.5\">Wenn du bequem deine Grundbed\u00fcrfnisse versorgen kannst und regelm\u00e4\u00dfig viel frei verf\u00fcgbares Einkommen hast, zahlst du:<\/p>\n\n\n\n<p class=\"has-x-large-font-size\"><strong>160 \u20ac<\/strong> <sub>\/ Session<\/sub><\/p>\n<\/div>\n\n\n\n<div class=\"wp-block-buttons alignfull is-horizontal is-content-justification-center is-layout-flex wp-container-core-buttons-is-layout-03627597 wp-block-buttons-is-layout-flex\">\n<div class=\"wp-block-button has-custom-width wp-block-button__width-100 is-style-outline is-style-outline--3\"><a class=\"wp-block-button__link no-border-radius wp-element-button\" href=\"https:\/\/zeeg.me\/politischekoerper\/bodywork\" target=\"_blank\" rel=\"noopener\">Jetzt Session buchen<\/a><\/div>\n<\/div>\n<\/div>\n<\/div>\n<\/div>\n<\/div>\n\n\n\n<div style=\"height:100px\" aria-hidden=\"true\" class=\"wp-block-spacer\"><\/div>\n\n\n\n<div class=\"wp-block-group alignfull has-background-color has-foreground-background-color has-text-color has-background has-link-color wp-elements-b60f50f1222219061379dab9230563bd has-global-padding is-layout-constrained wp-container-core-group-is-layout-73962407 wp-block-group-is-layout-constrained\" style=\"margin-top:0;margin-bottom:0;padding-top:var(--wp--preset--spacing--x-large);padding-right:var(--wp--preset--spacing--medium);padding-bottom:var(--wp--preset--spacing--x-large);padding-left:var(--wp--preset--spacing--medium)\">\n<div class=\"wp-block-group is-layout-flow wp-container-core-group-is-layout-800e394c wp-block-group-is-layout-flow\" style=\"padding-top:var(--wp--preset--spacing--x-large);padding-bottom:var(--wp--preset--spacing--medium)\">\n<p class=\"has-text-align-center has-secondary-color has-text-color\" style=\"font-style:normal;font-weight:700\">FAQs<\/p>\n\n\n\n<h2 class=\"wp-block-heading has-text-align-center is-style-wide\">H\u00e4ufig gestellte Fragen<\/h2>\n<\/div>\n\n\n\n<div class=\"wp-block-columns is-layout-flex wp-container-core-columns-is-layout-2f5fa322 wp-block-columns-is-layout-flex\" style=\"padding-top:0;padding-right:0;padding-bottom:0;padding-left:0\">\n<div class=\"wp-block-column is-layout-flow wp-container-core-column-is-layout-c7b3064f wp-block-column-is-layout-flow\">\n<details class=\"wp-block-details is-style-default is-layout-flow wp-block-details-is-layout-flow\" style=\"padding-top:var(--wp--preset--spacing--xxs);padding-right:0;padding-bottom:var(--wp--preset--spacing--xxs);padding-left:0\"><summary><strong>Woher wei\u00df ich, wie viel ich zahlen sollte?<\/strong><\/summary>\n<div class=\"wp-block-columns is-layout-flex wp-container-core-columns-is-layout-28f84493 wp-block-columns-is-layout-flex\">\n<div class=\"wp-block-column is-layout-flow wp-block-column-is-layout-flow\" style=\"flex-basis:100%\">\n<div class=\"wp-block-columns is-layout-flex wp-container-core-columns-is-layout-28f84493 wp-block-columns-is-layout-flex\">\n<div class=\"wp-block-column is-layout-flow wp-block-column-is-layout-flow\" style=\"flex-basis:50%\">\n<p class=\"has-small-font-size\" style=\"margin-top:var(--wp--preset--spacing--small);margin-bottom:var(--wp--preset--spacing--small);font-style:normal;font-weight:400\">Finanzielle Orientierungshilfe\u00a0<br>(nach Daria von <a href=\"https:\/\/web.telegram.org\/a\/accoutabilitymapping.com\" target=\"_blank\" rel=\"noopener\">accoutabilitymapping.com<\/a>)<\/p>\n\n\n\n<p class=\"has-small-font-size\" style=\"margin-top:var(--wp--preset--spacing--small);margin-bottom:var(--wp--preset--spacing--small);font-style:normal;font-weight:400\"><br><img decoding=\"async\" src=\"https:\/\/web.telegram.org\/a\/img-apple-64\/1f4b0.png\" alt=\"\ud83d\udcb0\"><br><strong>Zahle mehr, wenn:<\/strong><br>&#8211; du andere Menschen voll bezahlst<br>&#8211; wenige oder keine Menschen finanziell von dir abh\u00e4ngig sind<br>&#8211; du Ersparnisse , Investitionen, geerbtes Geld und\/oder eine gute Altersvorsorge hast<br>&#8211; du Menschen in deinem Leben um Geld bitten kannst<br>&#8211; du ein Haus besitzt oder freiwillig mietest<br>&#8211; du regelm\u00e4\u00dfig in deiner Freizeit verreist<br>&#8211; du Zugang zu Geld und Ressourcen deiner Familie in Zeiten der Not hast<br>&#8211; du aus freier Wahl Teilzeit arbeitest<br>&#8211; du Verdienstm\u00f6glichkeiten hast (auch wenn Sie sie im Moment nicht nutzt) aufgrund von einem (oder mehreren) Hochschulabschlu(\u00fc)ss(en), einem nicht-behinderten K\u00f6rper, deiner Ethnie, deines Geschlechts, sozialer Netzwerken, famili\u00e4rer Verbindungen&#8230;<\/p>\n<\/div>\n\n\n\n<div class=\"wp-block-column is-layout-flow wp-block-column-is-layout-flow\" style=\"flex-basis:50%\">\n<p class=\"has-small-font-size\" style=\"margin-top:var(--wp--preset--spacing--small);margin-bottom:var(--wp--preset--spacing--small);font-style:normal;font-weight:400\"><br><\/p>\n\n\n\n<p class=\"has-small-font-size\" style=\"margin-top:var(--wp--preset--spacing--small);margin-bottom:var(--wp--preset--spacing--small);font-style:normal;font-weight:400\"><br><img decoding=\"async\" src=\"https:\/\/web.telegram.org\/a\/img-apple-64\/1fa99.png\" alt=\"\ud83e\ude99\"><br>\u00a0<strong>Zahle weniger, wenn:<\/strong><br>&#8211; du staatliche Unterst\u00fctzung erh\u00e4ltst<br>&#8211; Menschen von dir finanziell abh\u00e4ngig sind<br>&#8211; du keine Ersparnisse hast<br>&#8211; du mal inhaftiert warst<br>&#8211; du illegal arbeitest, um zu \u00fcberleben<br>&#8211; du erhebliche Schulden hast, die dich daran hindern, deine Grundbed\u00fcrfnisse zu versorgen<br>&#8211; du aufgrund von Missbrauch weniger Zugang zu Geld hast<br>&#8211; du eine chronische Krankheit oder Behinderung hast, die sich auf deine F\u00e4higkeit, Einkommen zu erzielen, auswirkt<br>&#8211; du einwanderungsbedingte Ausgaben hast<br>&#8211; du ein \u00e4lterer Mensch mit begrenzter finanzieller Unterst\u00fctzung bist<br>&#8211; du keinen Zugang zur Gesundheitsversorgung hast<\/p>\n<\/div>\n<\/div>\n<\/div>\n<\/div>\n\n\n\n<div style=\"height:50px\" aria-hidden=\"true\" class=\"wp-block-spacer\"><\/div>\n\n\n\n<hr class=\"wp-block-separator has-text-color has-lightest-color has-alpha-channel-opacity has-lightest-background-color has-background is-style-default\"\/>\n\n\n\n<div style=\"height:50px\" aria-hidden=\"true\" class=\"wp-block-spacer\"><\/div>\n\n\n\n<hr class=\"wp-block-separator has-alpha-channel-opacity\"\/>\n<\/details>\n\n\n\n<details class=\"wp-block-details is-style-default is-layout-flow wp-block-details-is-layout-flow\" style=\"padding-top:var(--wp--preset--spacing--xxs);padding-right:0;padding-bottom:var(--wp--preset--spacing--xxs);padding-left:0\"><summary><strong>Was, wenn ich mir 80 \u20ac nicht leisten kann?<\/strong><\/summary>\n<p class=\"has-small-font-size\" style=\"margin-top:var(--wp--preset--spacing--small);margin-bottom:var(--wp--preset--spacing--small);font-style:normal;font-weight:400\">Zus\u00e4tzlich zu den drei Preisstufen gibt es ein Kontingent an Sessions f\u00fcr Menschen, f\u00fcr die der Solipreis zu viel ist. Ich wei\u00df, dass 80 \u20ac f\u00fcr viele marginalisierte Personen viel Geld ist und ich m\u00f6chte, dass mein Angebot zug\u00e4nglich f\u00fcr dich ist auch wenn du weniger Geld zur Verf\u00fcgung hast. Wenn du Interesse an einer Session hast und dir das so nicht leisten kannst, schreib mir sehr gerne eine Mail an politischekoerper[at]riseup.net.<\/p>\n\n\n\n<div style=\"height:50px\" aria-hidden=\"true\" class=\"wp-block-spacer\"><\/div>\n\n\n\n<hr class=\"wp-block-separator has-text-color has-lightest-color has-alpha-channel-opacity has-lightest-background-color has-background\"\/>\n\n\n\n<div style=\"height:50px\" aria-hidden=\"true\" class=\"wp-block-spacer\"><\/div>\n<\/details>\n\n\n\n<details class=\"wp-block-details is-style-default is-layout-flow wp-block-details-is-layout-flow\" style=\"padding-top:var(--wp--preset--spacing--xxs);padding-right:0;padding-bottom:var(--wp--preset--spacing--xxs);padding-left:0\"><summary><strong>Wohin flie\u00dft dein Geld?<\/strong><\/summary>\n<ul class=\"wp-block-list\">\n<li>Pro Session gehen zwischen 22-30 Euro an die Raummiete f\u00fcr das fz*. <\/li>\n\n\n\n<li>Ein Teil der Session finanziert konstante Ausgaben, wie das Hosting dieser Website oder Materialien, die in der Session zum Einsatz kommen. <\/li>\n\n\n\n<li>Schlie\u00dflich geht der Restbetrag an mich als praktizierende Person f\u00fcr meinen Zeitaufwand, der pro Session bei 2,5-3,5h Aufwand liegt (je nach dem, ob es ein Vorgespr\u00e4ch braucht, wie viel Kommunikation im Vorfeld stattfindet, etc.). <br><br>-> Bei dem Soli-Sessionpreis von 80 Euro bleiben mir so ca. 15 \u20ac Stundenlohn vor steuerlichen Abgaben. <\/li>\n<\/ul>\n<\/details>\n<\/div>\n<\/div>\n\n\n\n<div style=\"height:100px\" aria-hidden=\"true\" class=\"wp-block-spacer\"><\/div>\n\n\n\n<p class=\"has-text-align-center aligncenter has-link-color has-14-font-size wp-elements-0e1a3e88c30e0a49f51fdff00421a6ad\" style=\"margin-top:var(--wp--preset--spacing--large);margin-bottom:var(--wp--preset--spacing--x-large);text-decoration:none\">Deine Frage wurde oben nicht beantwortet? Kontaktiere mich via politischekoerper[at]riseup.net<\/p>\n<\/div>\n\n\n\n\n\n<div style=\"height:100px\" aria-hidden=\"true\" class=\"wp-block-spacer\"><\/div>\n\n\n\n<div class=\"wp-block-group alignfull has-foreground-background-color has-background has-global-padding is-layout-constrained wp-container-core-group-is-layout-bd2a9c80 wp-block-group-is-layout-constrained\" style=\"margin-top:0;margin-bottom:0;padding-top:var(--wp--preset--spacing--x-large);padding-bottom:var(--wp--preset--spacing--x-large)\">\n<div class=\"wp-block-group has-lightest-color has-text-color has-link-color wp-elements-1fcb8628f212e34bf6d55d91fb1c7399 is-vertical is-content-justification-center is-layout-flex wp-container-core-group-is-layout-01b4c482 wp-block-group-is-layout-flex\" style=\"padding-top:0;padding-right:0;padding-bottom:0;padding-left:0\">\n<div class=\"wp-block-group is-vertical is-content-justification-center is-layout-flex wp-container-core-group-is-layout-b032f303 wp-block-group-is-layout-flex\">\n<h2 class=\"wp-block-heading\"><strong>Hier geht&#8217;s zur Terminbuchung<\/strong>!<\/h2>\n\n\n\n<p>\u00dcber Zeeg kannst du bequem deine n\u00e4chste Session buchen.<\/p>\n<\/div>\n\n\n\n<div class=\"wp-block-buttons is-layout-flex wp-block-buttons-is-layout-flex\">\n<div class=\"wp-block-button is-style-alternate is-style-alternate--4\"><a class=\"wp-block-button__link has-primary-background-color has-background wp-element-button\" href=\"https:\/\/zeeg.me\/politischekoerper\/bodywork\" target=\"_blank\" rel=\"noreferrer noopener\">Jetzt Session buchen<\/a><\/div>\n<\/div>\n<\/div>\n<\/div>\n","protected":false},"excerpt":{"rendered":"<p>Raum und Zeit An dieser Stelle erh\u00e4ltst du eine \u00dcbersicht \u00fcber den Rahmen der Bodywork Sessions. Ich kann vor Ort gerade meistens dienstags tags\u00fcber imfz* in Freiburg anbieten. Falls Dienstag [&hellip;]<\/p>\n","protected":false},"author":1,"featured_media":169,"parent":0,"menu_order":1,"comment_status":"closed","ping_status":"closed","template":"","meta":{"_EventAllDay":false,"_EventTimezone":"","_EventStartDate":"","_EventEndDate":"","_EventStartDateUTC":"","_EventEndDateUTC":"","_EventShowMap":false,"_EventShowMapLink":false,"_EventURL":"","_EventCost":"","_EventCostDescription":"","_EventCurrencySymbol":"","_EventCurrencyCode":"","_EventCurrencyPosition":"","_EventDateTimeSeparator":"","_EventTimeRangeSeparator":"","_EventOrganizerID":[],"_EventVenueID":[],"_OrganizerEmail":"","_OrganizerPhone":"","_OrganizerWebsite":"","_VenueAddress":"","_VenueCity":"","_VenueCountry":"","_VenueProvince":"","_VenueState":"","_VenueZip":"","_VenuePhone":"","_VenueURL":"","_VenueStateProvince":"","_VenueLat":"","_VenueLng":"","_VenueShowMap":false,"_VenueShowMapLink":false,"footnotes":""},"class_list":["post-44","page","type-page","status-publish","has-post-thumbnail","hentry"],"_links":{"self":[{"href":"https:\/\/politische-koerper.de\/en\/wp-json\/wp\/v2\/pages\/44","targetHints":{"allow":["GET"]}}],"collection":[{"href":"https:\/\/politische-koerper.de\/en\/wp-json\/wp\/v2\/pages"}],"about":[{"href":"https:\/\/politische-koerper.de\/en\/wp-json\/wp\/v2\/types\/page"}],"author":[{"embeddable":true,"href":"https:\/\/politische-koerper.de\/en\/wp-json\/wp\/v2\/users\/1"}],"replies":[{"embeddable":true,"href":"https:\/\/politische-koerper.de\/en\/wp-json\/wp\/v2\/comments?post=44"}],"version-history":[{"count":9,"href":"https:\/\/politische-koerper.de\/en\/wp-json\/wp\/v2\/pages\/44\/revisions"}],"predecessor-version":[{"id":403,"href":"https:\/\/politische-koerper.de\/en\/wp-json\/wp\/v2\/pages\/44\/revisions\/403"}],"wp:featuredmedia":[{"embeddable":true,"href":"https:\/\/politische-koerper.de\/en\/wp-json\/wp\/v2\/media\/169"}],"wp:attachment":[{"href":"https:\/\/politische-koerper.de\/en\/wp-json\/wp\/v2\/media?parent=44"}],"curies":[{"name":"wp","href":"https:\/\/api.w.org\/{rel}","templated":true}]}}