{"id":54,"date":"2026-02-14T08:38:34","date_gmt":"2026-02-14T07:38:34","guid":{"rendered":"https:\/\/politische-koerper.de\/?page_id=54"},"modified":"2026-03-31T17:16:35","modified_gmt":"2026-03-31T15:16:35","slug":"ueber-mich","status":"publish","type":"page","link":"https:\/\/politische-koerper.de\/en\/ueber-mich\/","title":{"rendered":"\u00dcber Mich"},"content":{"rendered":"<h2 class=\"wp-block-post-title\">\u00dcber Mich<\/h2>\n\n\n<div style=\"height:50px\" aria-hidden=\"true\" class=\"wp-block-spacer\"><\/div>\n\n\n\n<h2 class=\"wp-block-heading\">Wer ich bin<\/h2>\n\n\n\n<div class=\"wp-block-columns is-layout-flex wp-container-core-columns-is-layout-28f84493 wp-block-columns-is-layout-flex\">\n<div class=\"wp-block-column is-layout-flow wp-block-column-is-layout-flow\" style=\"flex-basis:50%\">\n<div class=\"wp-block-group has-global-padding is-layout-constrained wp-block-group-is-layout-constrained\">\n<figure class=\"wp-block-image\"><img decoding=\"async\" src=\"https:\/\/web.telegram.org\/a\/img-apple-64\/1f9a6.png\" alt=\"\ud83e\udda6\"\/><\/figure>\n\n\n\n<div class=\"wp-block-group is-content-justification-center is-nowrap is-layout-flex wp-container-core-group-is-layout-956398cd wp-block-group-is-layout-flex\">\n<p class=\"has-text-align-left\">Hier kannst du mehr \u00fcber mich erfahren. Ich bin Chrissi (dey\/denen\/deren), Seeotter-Liebhaber*in, durchs Leben stolpernde*r, sehns\u00fcchtichtige*r nach einer besseren Welt. Ich sehe Bodywork als hilfreiches Tool f\u00fcr soziale Bewegungen. Ich m\u00f6chte Wissen mit Communities und Individuen teilen, um Handlungsf\u00e4higkeit, Authentizit\u00e4t, Verbindung und Konfliktf\u00e4higkeit zu st\u00e4rken. F\u00fcr mich sind das Private und Politische tief verwoben: Unsere Verbindungen miteinander formen unsere Bewegungen. Ich bin <em>weiss<\/em>, trans nicht-bin\u00e4r, christlich sozialisiert, psychisch beeintr\u00e4chtigt, chronisch krank, habe studiert, einen deutschen Pass und bin neurodivergent.<\/p>\n<\/div>\n<\/div>\n<\/div>\n\n\n\n<div class=\"wp-block-column is-layout-flow wp-block-column-is-layout-flow\" style=\"flex-basis:50%\">\n<div class=\"wp-block-group has-global-padding is-layout-constrained wp-block-group-is-layout-constrained\">\n<figure class=\"wp-block-image aligncenter size-large\"><img loading=\"lazy\" decoding=\"async\" width=\"768\" height=\"1024\" src=\"https:\/\/politische-koerper.de\/wp-content\/uploads\/2026\/03\/Graziella-768x1024.jpg\" alt=\"Eine Person tr\u00e4gt einen dicken blauen Mantel, eine braune Hose, einen Rucksack und eine bunte M\u00fctze und steht auf einem geteerten Weg. Um die Person herum sind braune und wei\u00dfe Ziegen mit langen H\u00f6rnern. Direkt vor der Person steht auch eine Ziege und wird von der Person massiert.\" class=\"wp-image-298\" srcset=\"https:\/\/politische-koerper.de\/wp-content\/uploads\/2026\/03\/Graziella-768x1024.jpg 768w, https:\/\/politische-koerper.de\/wp-content\/uploads\/2026\/03\/Graziella-225x300.jpg 225w, https:\/\/politische-koerper.de\/wp-content\/uploads\/2026\/03\/Graziella-1152x1536.jpg 1152w, https:\/\/politische-koerper.de\/wp-content\/uploads\/2026\/03\/Graziella.jpg 1200w\" sizes=\"auto, (max-width: 768px) 100vw, 768px\" \/><figcaption class=\"wp-element-caption\"><em>Bildbeschreibung: Eine Person tr\u00e4gt einen dicken blauen Mantel, eine braune Hose, einen Rucksack und eine bunte M\u00fctze und eine Brille. Dey steht auf einem geteerten Weg. Drum herum stehen braune und wei\u00dfe Ziegen mit langen H\u00f6rnern. Manche von ihnen fressen den Busch hinter der Person. Direkt vor der Person steht auch eine Ziege und wird von der Person massiert. <\/em><\/figcaption><\/figure>\n<\/div>\n<\/div>\n<\/div>\n\n\n\n<div style=\"height:50px\" aria-hidden=\"true\" class=\"wp-block-spacer\"><\/div>\n\n\n\n<hr class=\"wp-block-separator has-alpha-channel-opacity\"\/>\n\n\n\n<div style=\"height:50px\" aria-hidden=\"true\" class=\"wp-block-spacer\"><\/div>\n\n\n\n<h3 class=\"wp-block-heading\">Was mich pr\u00e4gt<\/h3>\n\n\n\n<p>Ich wei\u00df einiges \u00fcber Trauma und K\u00f6rper. In meiner Ausbildung zur*m Sexological Bodyworker*in habe ich einiges \u00fcber (A-)Sexualit\u00e4t gelernt. Ich wei\u00df auch einiges \u00fcber Macht.<\/p>\n\n\n\n<p>Ich denke politische Verh\u00e4ltnisse mit, so gut ich das kann. Ich denke vor allem Ableismus, Rassismus, Queer- und Transfeindlichkeit , Sexismus und Klassismus mit. Auch andere Machtverh\u00e4ltnisse die K\u00f6rper mitformen, versuche ich mitzudenken-z.B. Dickenfeindlichkeit. Manchmal wei\u00df ich Dinge \u00fcber Macht nicht. Dann lerne ich mehr dar\u00fcber, sobald ich das merke. Spiegelt mir sehr gerne, wenn ihr merkt, dass Wissen fehlt. Ihr m\u00fcsst nichts erkl\u00e4ren- ich suche mir die Informationen dann anderweitig und lerne dazu.<\/p>\n\n\n\n<p>Ich kenne mich mit Awareness aus und mir sind Abolitionismus (Abschaffung von gewaltvollen Institutionen, wie Gef\u00e4ngnissen), <a href=\"https:\/\/sinsinvalid.org\/10-principles-of-disability-justice\/\" target=\"_blank\" rel=\"noopener\">Disability Justice<\/a> und <a href=\"https:\/\/www.transformativejustice.eu\/de\/was-sind-community-accountability-kollektive-verantwortungsuebernahme-transformative-justice-transformative-gerechtigkeit\/\" target=\"_blank\" rel=\"noopener\">transformative Gerechtigkeit<\/a> wichtig. Ich lerne dar\u00fcber und ich \u00fcbe mich darin. Das spiegelt sich in meinem Arbeiten wieder.<\/p>\n\n\n\n<div style=\"height:50px\" aria-hidden=\"true\" class=\"wp-block-spacer\"><\/div>\n\n\n\n<div class=\"wp-block-buttons is-content-justification-center is-layout-flex wp-container-core-buttons-is-layout-a89b3969 wp-block-buttons-is-layout-flex\">\n<div class=\"wp-block-button is-style-fill\"><a class=\"wp-block-button__link wp-element-button\" href=\"https:\/\/politische-koerper.de\/bodywork\/\">Was ist Bodywork?<\/a><\/div>\n\n\n\n<div class=\"wp-block-button is-style-alternate is-style-alternate--1\"><a class=\"wp-block-button__link wp-element-button\" href=\"https:\/\/zeeg.me\/politischekoerper\/vorgespraech\" target=\"_blank\" rel=\"noopener\">Kennenlerngespr\u00e4ch vereinbaren<\/a><\/div>\n<\/div>\n\n\n\n<div style=\"height:50px\" aria-hidden=\"true\" class=\"wp-block-spacer\"><\/div>\n\n\n\n<hr class=\"wp-block-separator has-alpha-channel-opacity\"\/>\n\n\n\n<div style=\"height:50px\" aria-hidden=\"true\" class=\"wp-block-spacer\"><\/div>\n\n\n\n<h3 class=\"wp-block-heading\">Fehlbarkeit<\/h3>\n\n\n\n<p>Ich bin nicht perfekt und mache Fehler. Das wei\u00df ich. Es wird sogar mit Gewissheit in Sessions passieren. Ich \u00fcbe mich darin Verantwortung zu \u00fcbernehmen, wenn ich Fehler mache und Gewalt reproduziere.<\/p>\n\n\n\n<p>Ich bin erst seit kurzem offiziell zertifizierte*r Bodyworker*in. Das heisst auch, ich wei\u00df manche Dinge noch nicht und habe noch relativ wenig Erfahrung. Ich bitte dich das mitzudenken und darum besonders gut auf dich zu achten.<\/p>\n\n\n\n<p><em>Falls du dich in unseren Sessions nicht wohl gef\u00fchlt hast, eine \u00dcbergriffigkeit, Stigmatisierung oder Diskriminierung erlebt hast, etwas nicht ausgesprochen hast, was unbedingt gesagt werden muss, du dir etwas anders gew\u00fcnscht h\u00e4ttest oder mir Anregungen und Perspektiven f\u00fcr meine Arbeit geben m\u00f6chtest, m\u00f6chte ich dich dazu einladen, dich direkt bei mir zu melden. Ich freue mich \u00fcber jegliche Form von Transparenz, Lernm\u00f6glichkeit und Auseinandersetzung.<\/em><\/p>\n\n\n\n<div style=\"height:50px\" aria-hidden=\"true\" class=\"wp-block-spacer\"><\/div>\n\n\n\n<hr class=\"wp-block-separator has-alpha-channel-opacity\"\/>\n\n\n\n<div style=\"height:50px\" aria-hidden=\"true\" class=\"wp-block-spacer\"><\/div>\n\n\n\n<h2 class=\"wp-block-heading\">Meldestelle<\/h2>\n\n\n\n<p>Ich arbeite gerade daran eine Meldestelle zu etablieren, an die du dich wenden kannst, wenn ich Fehler mache die schlimm sind.<\/p>\n\n\n\n<p>Es soll dann Strukturen geben die sch\u00fctzen und dich unterst\u00fctzen, denn ist es eine aufregende, mutige und vertrauensvolle Arbeit mit K\u00f6rpern und (A-)Sexualit\u00e4t zu arbeiten.<\/p>\n\n\n\n<p>Meine Ausbildung zur*m Sexological Bodyworker*in unterliegt dem <a href=\"https:\/\/sexologicalbodyworkers.org\/ethics\" target=\"_blank\" rel=\"noopener\">Code of Ethics<\/a> der Association of Certified Sexological Bodyworkers als auch der aktualisierten deutschen Version des easb, dem Europ\u00e4ischen Verband der Sexological Bodyworker*innen.<\/p>\n\n\n\n<div style=\"height:100px\" aria-hidden=\"true\" class=\"wp-block-spacer\"><\/div>\n\n\n\n<hr class=\"wp-block-separator has-alpha-channel-opacity\"\/>\n\n\n\n<div class=\"wp-block-group alignfull has-foreground-background-color has-background has-global-padding is-layout-constrained wp-container-core-group-is-layout-bd2a9c80 wp-block-group-is-layout-constrained\" style=\"margin-top:0;margin-bottom:0;padding-top:var(--wp--preset--spacing--x-large);padding-bottom:var(--wp--preset--spacing--x-large)\">\n<div class=\"wp-block-group has-lightest-color has-text-color has-link-color wp-elements-1fcb8628f212e34bf6d55d91fb1c7399 is-vertical is-content-justification-center is-layout-flex wp-container-core-group-is-layout-01b4c482 wp-block-group-is-layout-flex\" style=\"padding-top:0;padding-right:0;padding-bottom:0;padding-left:0\">\n<div class=\"wp-block-group is-vertical is-content-justification-center is-layout-flex wp-container-core-group-is-layout-b032f303 wp-block-group-is-layout-flex\">\n<h2 class=\"wp-block-heading\"><strong>Hier geht&#8217;s zur Terminbuchung<\/strong>!<\/h2>\n\n\n\n<p>\u00dcber Zeeg kannst du bequem deine n\u00e4chste Session buchen.<\/p>\n<\/div>\n\n\n\n<div class=\"wp-block-buttons is-layout-flex wp-block-buttons-is-layout-flex\">\n<div class=\"wp-block-button is-style-alternate is-style-alternate--2\"><a class=\"wp-block-button__link has-primary-background-color has-background wp-element-button\" href=\"https:\/\/zeeg.me\/politischekoerper\/bodywork\" target=\"_blank\" rel=\"noreferrer noopener\">Jetzt Session buchen<\/a><\/div>\n<\/div>\n<\/div>\n<\/div>\n","protected":false},"excerpt":{"rendered":"<p>Wer ich bin Hier kannst du mehr \u00fcber mich erfahren. Ich bin Chrissi (dey\/denen\/deren), Seeotter-Liebhaber*in, durchs Leben stolpernde*r, sehns\u00fcchtichtige*r nach einer besseren Welt. Ich sehe Bodywork als hilfreiches Tool f\u00fcr [&hellip;]<\/p>\n","protected":false},"author":1,"featured_media":51,"parent":0,"menu_order":0,"comment_status":"closed","ping_status":"closed","template":"","meta":{"_EventAllDay":false,"_EventTimezone":"","_EventStartDate":"","_EventEndDate":"","_EventStartDateUTC":"","_EventEndDateUTC":"","_EventShowMap":false,"_EventShowMapLink":false,"_EventURL":"","_EventCost":"","_EventCostDescription":"","_EventCurrencySymbol":"","_EventCurrencyCode":"","_EventCurrencyPosition":"","_EventDateTimeSeparator":"","_EventTimeRangeSeparator":"","_EventOrganizerID":[],"_EventVenueID":[],"_OrganizerEmail":"","_OrganizerPhone":"","_OrganizerWebsite":"","_VenueAddress":"","_VenueCity":"","_VenueCountry":"","_VenueProvince":"","_VenueState":"","_VenueZip":"","_VenuePhone":"","_VenueURL":"","_VenueStateProvince":"","_VenueLat":"","_VenueLng":"","_VenueShowMap":false,"_VenueShowMapLink":false,"footnotes":""},"class_list":["post-54","page","type-page","status-publish","has-post-thumbnail","hentry"],"_links":{"self":[{"href":"https:\/\/politische-koerper.de\/en\/wp-json\/wp\/v2\/pages\/54","targetHints":{"allow":["GET"]}}],"collection":[{"href":"https:\/\/politische-koerper.de\/en\/wp-json\/wp\/v2\/pages"}],"about":[{"href":"https:\/\/politische-koerper.de\/en\/wp-json\/wp\/v2\/types\/page"}],"author":[{"embeddable":true,"href":"https:\/\/politische-koerper.de\/en\/wp-json\/wp\/v2\/users\/1"}],"replies":[{"embeddable":true,"href":"https:\/\/politische-koerper.de\/en\/wp-json\/wp\/v2\/comments?post=54"}],"version-history":[{"count":9,"href":"https:\/\/politische-koerper.de\/en\/wp-json\/wp\/v2\/pages\/54\/revisions"}],"predecessor-version":[{"id":405,"href":"https:\/\/politische-koerper.de\/en\/wp-json\/wp\/v2\/pages\/54\/revisions\/405"}],"wp:featuredmedia":[{"embeddable":true,"href":"https:\/\/politische-koerper.de\/en\/wp-json\/wp\/v2\/media\/51"}],"wp:attachment":[{"href":"https:\/\/politische-koerper.de\/en\/wp-json\/wp\/v2\/media?parent=54"}],"curies":[{"name":"wp","href":"https:\/\/api.w.org\/{rel}","templated":true}]}}