{"id":92,"date":"2026-03-14T17:48:50","date_gmt":"2026-03-14T16:48:50","guid":{"rendered":"https:\/\/politische-koerper.de\/?page_id=92"},"modified":"2026-03-14T17:48:51","modified_gmt":"2026-03-14T16:48:51","slug":"datenschutz","status":"publish","type":"page","link":"https:\/\/politische-koerper.de\/en\/datenschutz\/","title":{"rendered":"Datenschutz"},"content":{"rendered":"\n<h2 class=\"wp-block-heading\">Datenschutzerkl\u00e4rung<\/h2>\n\n\n\n<p><\/p>\n\n\n\n<h3 class=\"wp-block-heading\"><strong>Verantwortliche Stelle<\/strong><\/h3>\n\n\n\n<p>Verantwortlich f\u00fcr die Datenverarbeitung auf dieser Website ist:<\/p>\n\n\n\n<p>Chrissi Fischer<br>Faulerstrasse 20<br>79098 Freiburg<br>Deutschland<\/p>\n\n\n\n<p>E-Mail: politische-koerper[at]riseup.net<\/p>\n\n\n\n<p>Die verantwortliche Stelle entscheidet allein oder gemeinsam mit anderen \u00fcber die Zwecke und Mittel der Verarbeitung von personenbezogenen Daten.<\/p>\n\n\n\n<hr class=\"wp-block-separator has-alpha-channel-opacity\"\/>\n\n\n\n<h3 class=\"wp-block-heading\">Hosting<\/h3>\n\n\n\n<p>Diese Website wird bei folgendem Anbieter gehostet:<\/p>\n\n\n\n<p>ALL-INKL.COM \u2013 Neue Medien M\u00fcnnich<br>Hauptstra\u00dfe 68<br>02742 Friedersdorf<br>Deutschland<\/p>\n\n\n\n<p>Beim Aufruf dieser Website erfasst der Hostinganbieter automatisch Informationen in sogenannten Server-Logfiles, die dein Browser automatisch \u00fcbermittelt. Dies sind insbesondere:<\/p>\n\n\n\n<ul class=\"wp-block-list\">\n<li>IP-Adresse<\/li>\n\n\n\n<li>Datum und Uhrzeit der Anfrage<\/li>\n\n\n\n<li>Browsertyp und Browserversion<\/li>\n\n\n\n<li>verwendetes Betriebssystem<\/li>\n\n\n\n<li>Referrer-URL<\/li>\n\n\n\n<li>Hostname des zugreifenden Rechners<\/li>\n<\/ul>\n\n\n\n<p>Diese Daten werden nicht mit anderen Datenquellen zusammengef\u00fchrt.<\/p>\n\n\n\n<p>Die Verarbeitung erfolgt auf Grundlage von Art. 6 Abs. 1 lit. f DSGVO. Das berechtigte Interesse besteht in der technisch fehlerfreien Darstellung und der Sicherheit dieser Website.<\/p>\n\n\n\n<hr class=\"wp-block-separator has-alpha-channel-opacity\"\/>\n\n\n\n<h3 class=\"wp-block-heading\">Content-Management-System<\/h3>\n\n\n\n<p>Diese Website nutzt das Content-Management-System WordPress zur Erstellung und Verwaltung der Inhalte.<\/p>\n\n\n\n<p>Im Rahmen der Nutzung k\u00f6nnen technisch notwendige Daten verarbeitet werden, um die Funktionalit\u00e4t und Sicherheit der Website zu gew\u00e4hrleisten.<\/p>\n\n\n\n<hr class=\"wp-block-separator has-alpha-channel-opacity\"\/>\n\n\n\n<h3 class=\"wp-block-heading\">Terminbuchung \u00fcber Zeeg<\/h3>\n\n\n\n<p>Zur Terminvereinbarung wird auf dieser Website der Dienst Zeeg verwendet.<\/p>\n\n\n\n<p>Wenn du \u00fcber das Buchungssystem einen Termin vereinbarst, werden die von dir eingegebenen personenbezogenen Daten (z. B. Name, E-Mail-Adresse und ggf. weitere Angaben) zur Organisation und Durchf\u00fchrung der Terminvereinbarung verarbeitet.<\/p>\n\n\n\n<p>Die Verarbeitung erfolgt auf Grundlage von Art. 6 Abs. 1 lit. b DSGVO (Vertragserf\u00fcllung oder Durchf\u00fchrung vorvertraglicher Ma\u00dfnahmen).<\/p>\n\n\n\n<p>Weitere Informationen zur Datenverarbeitung durch Zeeg findest du in der Datenschutzerkl\u00e4rung des Anbieters.<\/p>\n\n\n\n<hr class=\"wp-block-separator has-alpha-channel-opacity\"\/>\n\n\n\n<h3 class=\"wp-block-heading\">Verwendung von Google Fonts<\/h3>\n\n\n\n<p>Diese Website kann zur einheitlichen Darstellung von Schriftarten sogenannte Google Fonts verwenden.<\/p>\n\n\n\n<p>Google Fonts ist ein Dienst der Google Ireland Limited<br>Gordon House, Barrow Street<br>Dublin 4<br>Irland<\/p>\n\n\n\n<p>Beim Aufruf einer Seite kann dein Browser die ben\u00f6tigten Schriftarten laden, um Texte korrekt darzustellen. Dabei kann es zur \u00dcbermittlung der IP-Adresse an Google kommen.<\/p>\n\n\n\n<p>Die Nutzung erfolgt im Interesse einer einheitlichen und ansprechenden Darstellung der Website. Dies stellt ein berechtigtes Interesse im Sinne von Art. 6 Abs. 1 lit. f DSGVO dar.<\/p>\n\n\n\n<hr class=\"wp-block-separator has-alpha-channel-opacity\"\/>\n\n\n\n<h3 class=\"wp-block-heading\">SSL- bzw. TLS-Verschl\u00fcsselung<\/h3>\n\n\n\n<p>Diese Website nutzt aus Sicherheitsgr\u00fcnden und zum Schutz der \u00dcbertragung vertraulicher Inhalte eine SSL- bzw. TLS-Verschl\u00fcsselung.<\/p>\n\n\n\n<p>Eine verschl\u00fcsselte Verbindung erkennst du daran, dass die Adresszeile des Browsers mit \u201ehttps:\/\/\u201c beginnt und an dem Schloss-Symbol in deiner Browserzeile.<\/p>\n\n\n\n<hr class=\"wp-block-separator has-alpha-channel-opacity\"\/>\n\n\n\n<h3 class=\"wp-block-heading\">Speicherdauer<\/h3>\n\n\n\n<p>Personenbezogene Daten werden nur so lange gespeichert, wie dies f\u00fcr die jeweiligen Verarbeitungszwecke erforderlich ist oder gesetzliche Aufbewahrungsfristen bestehen.<\/p>\n\n\n\n<hr class=\"wp-block-separator has-alpha-channel-opacity\"\/>\n\n\n\n<h3 class=\"wp-block-heading\">Rechte der betroffenen Personen<\/h3>\n\n\n\n<p>Du hast im Rahmen der geltenden gesetzlichen Bestimmungen jederzeit das Recht auf:<\/p>\n\n\n\n<ul class=\"wp-block-list\">\n<li>Auskunft \u00fcber deine gespeicherten personenbezogenen Daten<\/li>\n\n\n\n<li>Berichtigung unrichtiger Daten<\/li>\n\n\n\n<li>L\u00f6schung deiner Daten<\/li>\n\n\n\n<li>Einschr\u00e4nkung der Verarbeitung<\/li>\n\n\n\n<li>Daten\u00fcbertragbarkeit<\/li>\n\n\n\n<li>Widerspruch gegen die Verarbeitung<\/li>\n<\/ul>\n\n\n\n<p>Hierzu sowie zu weiteren Fragen zum Thema Datenschutz kannst du dich jederzeit unter der im Impressum angegebenen Adresse an mich wenden.<\/p>\n\n\n\n<hr class=\"wp-block-separator has-alpha-channel-opacity\"\/>\n\n\n\n<h3 class=\"wp-block-heading\">Beschwerderecht bei der Aufsichtsbeh\u00f6rde<\/h3>\n\n\n\n<p>Du hast au\u00dferdem das Recht, dich bei einer Datenschutz-Aufsichtsbeh\u00f6rde \u00fcber die Verarbeitung deiner personenbezogenen Daten zu beschweren.<\/p>\n\n\n\n<hr class=\"wp-block-separator has-alpha-channel-opacity\"\/>\n\n\n\n<p><strong>Stand: M\u00e4rz 2026<\/strong><\/p>\n","protected":false},"excerpt":{"rendered":"<p>Datenschutzerkl\u00e4rung Verantwortliche Stelle Verantwortlich f\u00fcr die Datenverarbeitung auf dieser Website ist: Chrissi FischerFaulerstrasse 2079098 FreiburgDeutschland E-Mail: politische-koerper[at]riseup.net Die verantwortliche Stelle entscheidet allein oder gemeinsam mit anderen \u00fcber die Zwecke und [&hellip;]<\/p>\n","protected":false},"author":1,"featured_media":0,"parent":0,"menu_order":0,"comment_status":"closed","ping_status":"closed","template":"","meta":{"_EventAllDay":false,"_EventTimezone":"","_EventStartDate":"","_EventEndDate":"","_EventStartDateUTC":"","_EventEndDateUTC":"","_EventShowMap":false,"_EventShowMapLink":false,"_EventURL":"","_EventCost":"","_EventCostDescription":"","_EventCurrencySymbol":"","_EventCurrencyCode":"","_EventCurrencyPosition":"","_EventDateTimeSeparator":"","_EventTimeRangeSeparator":"","_EventOrganizerID":[],"_EventVenueID":[],"_OrganizerEmail":"","_OrganizerPhone":"","_OrganizerWebsite":"","_VenueAddress":"","_VenueCity":"","_VenueCountry":"","_VenueProvince":"","_VenueState":"","_VenueZip":"","_VenuePhone":"","_VenueURL":"","_VenueStateProvince":"","_VenueLat":"","_VenueLng":"","_VenueShowMap":false,"_VenueShowMapLink":false,"footnotes":""},"class_list":["post-92","page","type-page","status-publish","hentry"],"_links":{"self":[{"href":"https:\/\/politische-koerper.de\/en\/wp-json\/wp\/v2\/pages\/92","targetHints":{"allow":["GET"]}}],"collection":[{"href":"https:\/\/politische-koerper.de\/en\/wp-json\/wp\/v2\/pages"}],"about":[{"href":"https:\/\/politische-koerper.de\/en\/wp-json\/wp\/v2\/types\/page"}],"author":[{"embeddable":true,"href":"https:\/\/politische-koerper.de\/en\/wp-json\/wp\/v2\/users\/1"}],"replies":[{"embeddable":true,"href":"https:\/\/politische-koerper.de\/en\/wp-json\/wp\/v2\/comments?post=92"}],"version-history":[{"count":1,"href":"https:\/\/politische-koerper.de\/en\/wp-json\/wp\/v2\/pages\/92\/revisions"}],"predecessor-version":[{"id":211,"href":"https:\/\/politische-koerper.de\/en\/wp-json\/wp\/v2\/pages\/92\/revisions\/211"}],"wp:attachment":[{"href":"https:\/\/politische-koerper.de\/en\/wp-json\/wp\/v2\/media?parent=92"}],"curies":[{"name":"wp","href":"https:\/\/api.w.org\/{rel}","templated":true}]}}